{"id":10761,"date":"2016-07-28T22:21:54","date_gmt":"2016-07-28T22:21:54","guid":{"rendered":"http:\/\/www.iconica.com.br\/site\/?page_id=10761"},"modified":"2016-08-01T12:09:01","modified_gmt":"2016-08-01T12:09:01","slug":"lara-ovidio-territorios-pereciveis-teste","status":"publish","type":"page","link":"https:\/\/www.iconica.com.br\/site\/paragem\/lara-ovidio-territorios-pereciveis-teste\/","title":{"rendered":"LARA OV\u00cdDIO | Territ\u00f3rios Perec\u00edveis"},"content":{"rendered":"<p>[vc_row][vc_column][\/vc_column][\/vc_row][vc_row][vc_column width=&#8221;3\/4&#8243; css=&#8221;.vc_custom_1469744470525{padding-top: 50px !important;padding-right: 50px !important;padding-bottom: 50px !important;padding-left: 50px !important;background-color: #353535 !important;}&#8221;][vc_column_text]<\/p>\n<h5 style=\"text-align: left;\"><span style=\"color: #ffffff;\">N\u00e3o me preocupam tanto os anos, quanto os dias, porque estes cabem em qualquer fresta. Para procurar os lugares secretos do tempo, elaboro mapas, coleto amostras da minha exist\u00eancia, trabalho com a\u00e7\u00f5es, observo as acumula\u00e7\u00f5es, coleciono o in\u00fatil e esmiu\u00e7o o cotidiano, uma e outra vez.<\/span><\/h5>\n<h5 style=\"text-align: left;\"><span style=\"color: #ffffff;\">Dessa investiga\u00e7\u00e3o, surgiram as primeiras imagens de Territ\u00f3rios Perec\u00edveis. Ora um registro da minha busca pelos dias que passam, ora uma cole\u00e7\u00e3o de vest\u00edgios de um pequeno peda\u00e7o de uma vida. Fragmentos de um existir mundano, que, mais que a entendimentos, nos convidam a narrativas.<\/span><\/h5>\n<h5 style=\"text-align: left;\"><span style=\"color: #ffffff;\">Um trabalho que tenta encontrar no di\u00e1logo entre fotografia, poesia, objeto e performance as formas pr\u00f3prias do tempo. Imagens que se recusam a uma disposi\u00e7\u00e3o linear, que escolhem o movimento e pedem para serem arranjadas em uma constela\u00e7\u00e3o que lhes permita abrir-se a caminhos infinitos, fic\u00e7\u00f5es m\u00faltiplas e a sentidos m\u00f3veis.<\/span><\/h5>\n<p>[\/vc_column_text][vc_empty_space height=&#8221;15px&#8221;][vc_column_text css=&#8221;.vc_custom_1469744138456{margin-top: 0px !important;margin-right: 0px !important;margin-bottom: 0px !important;margin-left: 0px !important;background-color: #353535 !important;}&#8221;]<a href=\"https:\/\/www.iconica.com.br\/site\/wp-content\/uploads\/2016\/07\/1_TP_Iconica_MAIOR.jpg\" data-size=\"1199x800\"><img decoding=\"async\" loading=\"lazy\" class=\"alignnone wp-image-10734\" title=\"clique para ver em tela cheia\" src=\"https:\/\/www.iconica.com.br\/site\/wp-content\/uploads\/2016\/07\/1_TP_Iconica_MAIOR-674x449.jpg\" width=\"800\" height=\"533\" srcset=\"https:\/\/www.iconica.com.br\/site\/wp-content\/uploads\/2016\/07\/1_TP_Iconica_MAIOR-674x449.jpg 674w, https:\/\/www.iconica.com.br\/site\/wp-content\/uploads\/2016\/07\/1_TP_Iconica_MAIOR-360x240.jpg 360w, https:\/\/www.iconica.com.br\/site\/wp-content\/uploads\/2016\/07\/1_TP_Iconica_MAIOR-768x512.jpg 768w, https:\/\/www.iconica.com.br\/site\/wp-content\/uploads\/2016\/07\/1_TP_Iconica_MAIOR-90x60.jpg 90w, https:\/\/www.iconica.com.br\/site\/wp-content\/uploads\/2016\/07\/1_TP_Iconica_MAIOR.jpg 1200w\" sizes=\"(max-width: 800px) 100vw, 800px\" \/><\/a><\/p>\n<p><a href=\"https:\/\/www.iconica.com.br\/site\/wp-content\/uploads\/2016\/07\/2_TP_Iconica.jpg\" data-size=\"1200x800\"><img decoding=\"async\" loading=\"lazy\" class=\"alignnone wp-image-10557\" title=\"clique para ver em tela cheia\" src=\"https:\/\/www.iconica.com.br\/site\/wp-content\/uploads\/2016\/07\/2_TP_Iconica-674x449.jpg\" alt=\"2_TP_Iconica\" width=\"800\" height=\"533\" srcset=\"https:\/\/www.iconica.com.br\/site\/wp-content\/uploads\/2016\/07\/2_TP_Iconica-674x449.jpg 674w, https:\/\/www.iconica.com.br\/site\/wp-content\/uploads\/2016\/07\/2_TP_Iconica-360x240.jpg 360w, https:\/\/www.iconica.com.br\/site\/wp-content\/uploads\/2016\/07\/2_TP_Iconica-768x512.jpg 768w, https:\/\/www.iconica.com.br\/site\/wp-content\/uploads\/2016\/07\/2_TP_Iconica-90x60.jpg 90w, https:\/\/www.iconica.com.br\/site\/wp-content\/uploads\/2016\/07\/2_TP_Iconica.jpg 1200w\" sizes=\"(max-width: 800px) 100vw, 800px\" \/><\/a><\/p>\n<p><a href=\"https:\/\/www.iconica.com.br\/site\/wp-content\/uploads\/2016\/07\/3_TP_Iconica.jpg\" data-size=\"1200x800\"><img decoding=\"async\" loading=\"lazy\" class=\"alignnone wp-image-10558\" title=\"clique para ver em tela cheia\" src=\"https:\/\/www.iconica.com.br\/site\/wp-content\/uploads\/2016\/07\/3_TP_Iconica-674x449.jpg\" alt=\"3_TP_Iconica\" width=\"800\" height=\"533\" srcset=\"https:\/\/www.iconica.com.br\/site\/wp-content\/uploads\/2016\/07\/3_TP_Iconica-674x449.jpg 674w, https:\/\/www.iconica.com.br\/site\/wp-content\/uploads\/2016\/07\/3_TP_Iconica-360x240.jpg 360w, https:\/\/www.iconica.com.br\/site\/wp-content\/uploads\/2016\/07\/3_TP_Iconica-768x512.jpg 768w, https:\/\/www.iconica.com.br\/site\/wp-content\/uploads\/2016\/07\/3_TP_Iconica-90x60.jpg 90w, https:\/\/www.iconica.com.br\/site\/wp-content\/uploads\/2016\/07\/3_TP_Iconica.jpg 1200w\" sizes=\"(max-width: 800px) 100vw, 800px\" \/><\/a><\/p>\n<p><a href=\"https:\/\/www.iconica.com.br\/site\/wp-content\/uploads\/2016\/07\/4_TP_Iconica.jpg\" data-size=\"1200x797\"><img decoding=\"async\" loading=\"lazy\" class=\"alignnone wp-image-10559\" title=\"clique para ver em tela cheia\" src=\"https:\/\/www.iconica.com.br\/site\/wp-content\/uploads\/2016\/07\/4_TP_Iconica-674x448.jpg\" alt=\"4_TP_Iconica\" width=\"800\" height=\"531\" srcset=\"https:\/\/www.iconica.com.br\/site\/wp-content\/uploads\/2016\/07\/4_TP_Iconica-674x448.jpg 674w, https:\/\/www.iconica.com.br\/site\/wp-content\/uploads\/2016\/07\/4_TP_Iconica-360x239.jpg 360w, https:\/\/www.iconica.com.br\/site\/wp-content\/uploads\/2016\/07\/4_TP_Iconica-768x510.jpg 768w, https:\/\/www.iconica.com.br\/site\/wp-content\/uploads\/2016\/07\/4_TP_Iconica-90x60.jpg 90w, https:\/\/www.iconica.com.br\/site\/wp-content\/uploads\/2016\/07\/4_TP_Iconica.jpg 1200w\" sizes=\"(max-width: 800px) 100vw, 800px\" \/><\/a><\/p>\n<p><a href=\"https:\/\/www.iconica.com.br\/site\/wp-content\/uploads\/2016\/07\/5a_TP_Iconica_MAIOR.jpg\" data-size=\"1200x600\"><img decoding=\"async\" loading=\"lazy\" class=\"alignnone wp-image-10735\" title=\"clique para ver em tela cheia\" src=\"https:\/\/www.iconica.com.br\/site\/wp-content\/uploads\/2016\/07\/5a_TP_Iconica_MAIOR-674x337.jpg\" width=\"800\" height=\"400\" srcset=\"https:\/\/www.iconica.com.br\/site\/wp-content\/uploads\/2016\/07\/5a_TP_Iconica_MAIOR-674x337.jpg 674w, https:\/\/www.iconica.com.br\/site\/wp-content\/uploads\/2016\/07\/5a_TP_Iconica_MAIOR-360x180.jpg 360w, https:\/\/www.iconica.com.br\/site\/wp-content\/uploads\/2016\/07\/5a_TP_Iconica_MAIOR-768x384.jpg 768w, https:\/\/www.iconica.com.br\/site\/wp-content\/uploads\/2016\/07\/5a_TP_Iconica_MAIOR.jpg 1200w\" sizes=\"(max-width: 800px) 100vw, 800px\" \/><\/a><\/p>\n<p><a href=\"https:\/\/www.iconica.com.br\/site\/wp-content\/uploads\/2016\/07\/6_TP_Iconica.jpg\" data-size=\"1200x725\"><img decoding=\"async\" loading=\"lazy\" class=\"alignnone wp-image-10561\" title=\"clique para ver em tela cheia\" src=\"https:\/\/www.iconica.com.br\/site\/wp-content\/uploads\/2016\/07\/6_TP_Iconica-674x407.jpg\" alt=\"6_TP_Iconica\" width=\"800\" height=\"483\" srcset=\"https:\/\/www.iconica.com.br\/site\/wp-content\/uploads\/2016\/07\/6_TP_Iconica-674x407.jpg 674w, https:\/\/www.iconica.com.br\/site\/wp-content\/uploads\/2016\/07\/6_TP_Iconica-360x218.jpg 360w, https:\/\/www.iconica.com.br\/site\/wp-content\/uploads\/2016\/07\/6_TP_Iconica-768x464.jpg 768w, https:\/\/www.iconica.com.br\/site\/wp-content\/uploads\/2016\/07\/6_TP_Iconica-440x266.jpg 440w, https:\/\/www.iconica.com.br\/site\/wp-content\/uploads\/2016\/07\/6_TP_Iconica.jpg 1200w\" sizes=\"(max-width: 800px) 100vw, 800px\" \/><\/a><\/p>\n<p><a href=\"https:\/\/www.iconica.com.br\/site\/wp-content\/uploads\/2016\/07\/7_TP_Iconica.jpg\" data-size=\"900x1200\"><img decoding=\"async\" loading=\"lazy\" class=\"wp-image-10562\" title=\"clique para ver em tela cheia\" src=\"https:\/\/www.iconica.com.br\/site\/wp-content\/uploads\/2016\/07\/7_TP_Iconica-674x900.jpg\" alt=\"7_TP_Iconica\" width=\"460\" height=\"613\" srcset=\"https:\/\/www.iconica.com.br\/site\/wp-content\/uploads\/2016\/07\/7_TP_Iconica-674x900.jpg 674w, https:\/\/www.iconica.com.br\/site\/wp-content\/uploads\/2016\/07\/7_TP_Iconica-360x480.jpg 360w, https:\/\/www.iconica.com.br\/site\/wp-content\/uploads\/2016\/07\/7_TP_Iconica-768x1024.jpg 768w, https:\/\/www.iconica.com.br\/site\/wp-content\/uploads\/2016\/07\/7_TP_Iconica.jpg 900w\" sizes=\"(max-width: 460px) 100vw, 460px\" \/><\/a><\/p>\n<p><a href=\"https:\/\/www.iconica.com.br\/site\/wp-content\/uploads\/2016\/07\/8_TP_Iconica.jpg\" data-size=\"1200x800\"><img decoding=\"async\" loading=\"lazy\" class=\"alignnone wp-image-10563\" title=\"clique para ver em tela cheia\" src=\"https:\/\/www.iconica.com.br\/site\/wp-content\/uploads\/2016\/07\/8_TP_Iconica-674x449.jpg\" alt=\"8_TP_Iconica\" width=\"800\" height=\"533\" srcset=\"https:\/\/www.iconica.com.br\/site\/wp-content\/uploads\/2016\/07\/8_TP_Iconica-674x449.jpg 674w, https:\/\/www.iconica.com.br\/site\/wp-content\/uploads\/2016\/07\/8_TP_Iconica-360x240.jpg 360w, https:\/\/www.iconica.com.br\/site\/wp-content\/uploads\/2016\/07\/8_TP_Iconica-768x512.jpg 768w, https:\/\/www.iconica.com.br\/site\/wp-content\/uploads\/2016\/07\/8_TP_Iconica-90x60.jpg 90w, https:\/\/www.iconica.com.br\/site\/wp-content\/uploads\/2016\/07\/8_TP_Iconica.jpg 1200w\" sizes=\"(max-width: 800px) 100vw, 800px\" \/><\/a><\/p>\n<p><a href=\"https:\/\/www.iconica.com.br\/site\/wp-content\/uploads\/2016\/07\/9_TP_Iconica.jpg\" data-size=\"1200x777\"><img decoding=\"async\" loading=\"lazy\" class=\"alignnone wp-image-10564\" title=\"clique para ver em tela cheia\" src=\"https:\/\/www.iconica.com.br\/site\/wp-content\/uploads\/2016\/07\/9_TP_Iconica-674x436.jpg\" alt=\"9_TP_Iconica\" width=\"800\" height=\"518\" srcset=\"https:\/\/www.iconica.com.br\/site\/wp-content\/uploads\/2016\/07\/9_TP_Iconica-674x436.jpg 674w, https:\/\/www.iconica.com.br\/site\/wp-content\/uploads\/2016\/07\/9_TP_Iconica-360x233.jpg 360w, https:\/\/www.iconica.com.br\/site\/wp-content\/uploads\/2016\/07\/9_TP_Iconica-768x497.jpg 768w, https:\/\/www.iconica.com.br\/site\/wp-content\/uploads\/2016\/07\/9_TP_Iconica.jpg 1200w\" sizes=\"(max-width: 800px) 100vw, 800px\" \/><\/a><\/p>\n<p><a href=\"https:\/\/www.iconica.com.br\/site\/wp-content\/uploads\/2016\/07\/10_TP_Iconica.jpg\" data-size=\"1200x797\"><img decoding=\"async\" loading=\"lazy\" class=\"alignnone wp-image-10565\" title=\"clique para ver em tela cheia\" src=\"https:\/\/www.iconica.com.br\/site\/wp-content\/uploads\/2016\/07\/10_TP_Iconica-674x448.jpg\" alt=\"10_TP_Iconica\" width=\"800\" height=\"531\" srcset=\"https:\/\/www.iconica.com.br\/site\/wp-content\/uploads\/2016\/07\/10_TP_Iconica-674x448.jpg 674w, https:\/\/www.iconica.com.br\/site\/wp-content\/uploads\/2016\/07\/10_TP_Iconica-360x239.jpg 360w, https:\/\/www.iconica.com.br\/site\/wp-content\/uploads\/2016\/07\/10_TP_Iconica-768x510.jpg 768w, https:\/\/www.iconica.com.br\/site\/wp-content\/uploads\/2016\/07\/10_TP_Iconica-90x60.jpg 90w, https:\/\/www.iconica.com.br\/site\/wp-content\/uploads\/2016\/07\/10_TP_Iconica.jpg 1200w\" sizes=\"(max-width: 800px) 100vw, 800px\" \/><\/a><\/p>\n<p><a href=\"https:\/\/www.iconica.com.br\/site\/wp-content\/uploads\/2016\/07\/11_TP_Iconica.jpg\" data-size=\"1200x800\"><img decoding=\"async\" loading=\"lazy\" class=\"alignnone wp-image-10566\" title=\"clique para ver em tela cheia\" src=\"https:\/\/www.iconica.com.br\/site\/wp-content\/uploads\/2016\/07\/11_TP_Iconica-674x449.jpg\" alt=\"11_TP_Iconica\" width=\"800\" height=\"533\" srcset=\"https:\/\/www.iconica.com.br\/site\/wp-content\/uploads\/2016\/07\/11_TP_Iconica-674x449.jpg 674w, https:\/\/www.iconica.com.br\/site\/wp-content\/uploads\/2016\/07\/11_TP_Iconica-360x240.jpg 360w, https:\/\/www.iconica.com.br\/site\/wp-content\/uploads\/2016\/07\/11_TP_Iconica-768x512.jpg 768w, https:\/\/www.iconica.com.br\/site\/wp-content\/uploads\/2016\/07\/11_TP_Iconica-90x60.jpg 90w, https:\/\/www.iconica.com.br\/site\/wp-content\/uploads\/2016\/07\/11_TP_Iconica.jpg 1200w\" sizes=\"(max-width: 800px) 100vw, 800px\" \/><\/a><\/p>\n<p><a href=\"https:\/\/www.iconica.com.br\/site\/wp-content\/uploads\/2016\/07\/12_TP_Iconica.jpg\" data-size=\"955x1199\"><img decoding=\"async\" loading=\"lazy\" class=\"wp-image-10567\" title=\"clique para ver em tela cheia\" src=\"https:\/\/www.iconica.com.br\/site\/wp-content\/uploads\/2016\/07\/12_TP_Iconica-674x846.jpg\" alt=\"12_TP_Iconica\" width=\"460\" height=\"578\" srcset=\"https:\/\/www.iconica.com.br\/site\/wp-content\/uploads\/2016\/07\/12_TP_Iconica-674x846.jpg 674w, https:\/\/www.iconica.com.br\/site\/wp-content\/uploads\/2016\/07\/12_TP_Iconica-360x452.jpg 360w, https:\/\/www.iconica.com.br\/site\/wp-content\/uploads\/2016\/07\/12_TP_Iconica-768x964.jpg 768w, https:\/\/www.iconica.com.br\/site\/wp-content\/uploads\/2016\/07\/12_TP_Iconica.jpg 955w\" sizes=\"(max-width: 460px) 100vw, 460px\" \/><\/a><\/p>\n<p><a href=\"https:\/\/www.iconica.com.br\/site\/wp-content\/uploads\/2016\/07\/13.jpg\" data-size=\"1200x897\"><img decoding=\"async\" loading=\"lazy\" class=\"alignnone wp-image-10568\" title=\"clique para ver em tela cheia\" src=\"https:\/\/www.iconica.com.br\/site\/wp-content\/uploads\/2016\/07\/13-674x504.jpg\" alt=\"13\" width=\"800\" height=\"598\" srcset=\"https:\/\/www.iconica.com.br\/site\/wp-content\/uploads\/2016\/07\/13-674x504.jpg 674w, https:\/\/www.iconica.com.br\/site\/wp-content\/uploads\/2016\/07\/13-360x269.jpg 360w, https:\/\/www.iconica.com.br\/site\/wp-content\/uploads\/2016\/07\/13-768x574.jpg 768w, https:\/\/www.iconica.com.br\/site\/wp-content\/uploads\/2016\/07\/13.jpg 1200w\" sizes=\"(max-width: 800px) 100vw, 800px\" \/><\/a><\/p>\n<p><a href=\"https:\/\/www.iconica.com.br\/site\/wp-content\/uploads\/2016\/07\/14_TP_Iconica_MAIOR.jpg\" data-size=\"1199x800\"><img decoding=\"async\" loading=\"lazy\" class=\"alignnone wp-image-10733\" title=\"clique para ver em tela cheia\" src=\"https:\/\/www.iconica.com.br\/site\/wp-content\/uploads\/2016\/07\/14_TP_Iconica_MAIOR-674x449.jpg\" width=\"800\" height=\"533\" srcset=\"https:\/\/www.iconica.com.br\/site\/wp-content\/uploads\/2016\/07\/14_TP_Iconica_MAIOR-674x449.jpg 674w, https:\/\/www.iconica.com.br\/site\/wp-content\/uploads\/2016\/07\/14_TP_Iconica_MAIOR-360x240.jpg 360w, https:\/\/www.iconica.com.br\/site\/wp-content\/uploads\/2016\/07\/14_TP_Iconica_MAIOR-768x512.jpg 768w, https:\/\/www.iconica.com.br\/site\/wp-content\/uploads\/2016\/07\/14_TP_Iconica_MAIOR-90x60.jpg 90w, https:\/\/www.iconica.com.br\/site\/wp-content\/uploads\/2016\/07\/14_TP_Iconica_MAIOR.jpg 1200w\" sizes=\"(max-width: 800px) 100vw, 800px\" \/><\/a><\/p>\n<p><a href=\"https:\/\/www.iconica.com.br\/site\/wp-content\/uploads\/2016\/07\/15_TP_Iconica.jpg\" data-size=\"1200x800\"><img decoding=\"async\" loading=\"lazy\" class=\"alignnone wp-image-10570\" title=\"clique para ver em tela cheia\" src=\"https:\/\/www.iconica.com.br\/site\/wp-content\/uploads\/2016\/07\/15_TP_Iconica-674x449.jpg\" alt=\"15_TP_Iconica\" width=\"800\" height=\"533\" srcset=\"https:\/\/www.iconica.com.br\/site\/wp-content\/uploads\/2016\/07\/15_TP_Iconica-674x449.jpg 674w, https:\/\/www.iconica.com.br\/site\/wp-content\/uploads\/2016\/07\/15_TP_Iconica-360x240.jpg 360w, https:\/\/www.iconica.com.br\/site\/wp-content\/uploads\/2016\/07\/15_TP_Iconica-768x512.jpg 768w, https:\/\/www.iconica.com.br\/site\/wp-content\/uploads\/2016\/07\/15_TP_Iconica-90x60.jpg 90w, https:\/\/www.iconica.com.br\/site\/wp-content\/uploads\/2016\/07\/15_TP_Iconica.jpg 1200w\" sizes=\"(max-width: 800px) 100vw, 800px\" \/><\/a>[\/vc_column_text][vc_empty_space height=&#8221;20px&#8221;][\/vc_column][vc_column width=&#8221;1\/4&#8243;][vc_single_image image=&#8221;10260&#8243; img_size=&#8221;medium&#8221;][vc_empty_space height=&#8221;50px&#8221;][vc_column_text]<\/p>\n<h5 style=\"text-align: left;\"><span style=\"color: #333333;\">As coisas banais que nos rodeiam tamb\u00e9m nos constituem. \u00c0s vezes, somos feitos essencialmente delas. Podemos aguardar a oportunidade de um feito grandioso, ou podemos assumir que nossa\u00a0hist\u00f3ria ser\u00e1 contada a partir dos pequenos acontecimentos. Essa narrativa ser\u00e1 um tanto silenciosa, e ser\u00e1 feita de uma gram\u00e1tica imprecisa. Porque buscar o lugar certo de cada uma dessas coisas banais \u00e9 uma ci\u00eancia que tende ao fracasso. Mesmo assim,\u00a0\u00e9 uma esp\u00e9cie de compromisso est\u00e9tico que assumimos com esses objetos que, afinal, nos d\u00e3o exist\u00eancia. Reunidos em seu equil\u00edbrio prec\u00e1rio, eles se tornam monumentos dedicados n\u00e3o aos fatos que almejam uma hist\u00f3ria universal, mas \u00e0 singularidade que as coisas ef\u00eameras adquirem quando nos identificamos com elas. No fluxo que a modernidade imprime ao tempo, heroico \u00e9 cada gesto capaz de participar do instante.\u00a0[Ronaldo Entler]<\/span><\/h5>\n<p>[\/vc_column_text][vc_empty_space height=&#8221;50px&#8221;][vc_column_text]<\/p>\n<h5 class=\"p1\" style=\"text-align: left;\"><span class=\"s1\" style=\"color: #333333;\"><strong>Lara Ov\u00eddio<\/strong> nasceu em Natal, viveu em Bras\u00edlia e Buenos Aires, onde estudou cinema e fotografia. Durante o ano de 2014, residiu em Cidade do M\u00e9xico cursando o Semin\u00e1rio\u00a0de Fotografia Contempor\u00e2nea. Em 2015, ficou entre os finalistas do VI Pr\u00eamio\u00a0Di\u00e1rio Contempor\u00e2neo de Fotografia e do 21\u00ba Sal\u00e3o Anapolino de Artes.\u00a0Atualmente, vive no Rio de Janeiro e desenvolve a pesquisa <i>sobre o passo dos dias<\/i> no mestrado\u00a0de Artes Visuais da UFRJ.<\/span><\/h5>\n<h5 class=\"p1\" style=\"text-align: left;\"><span style=\"color: #333333;\"><span style=\"font-size: 16px; line-height: 1.5;\">Site:\u00a0<\/span><a style=\"font-size: 16px; line-height: 1.5; color: #333333;\" href=\"http:\/\/www.laraovidio.com\/\" target=\"_blank\">www.laraovidio.com<\/a><\/span><\/h5>\n<p>[\/vc_column_text][\/vc_column][\/vc_row]<\/p>\n","protected":false},"excerpt":{"rendered":"<p>As coisas banais que nos rodeiam tamb\u00e9m nos constituem. \u00c0s vezes, somos feitos essencialmente delas. Podemos aguardar a oportunidade de um feito grandioso, ou podemos assumir que nossa hist\u00f3ria ser\u00e1 contada a partir dos pequenos acontecimentos. Essa narrativa ser\u00e1 um tanto silenciosa, e ser\u00e1 feita de uma gram\u00e1tica imprecisa (&#8230;) Mesmo assim, \u00e9 uma esp\u00e9cie de compromisso est\u00e9tico que assumimos com esses objetos que, afinal, nos d\u00e3o exist\u00eancia. <\/p>\n","protected":false},"author":2,"featured_media":10561,"parent":9485,"menu_order":0,"comment_status":"closed","ping_status":"closed","template":"template-fullwidth.php","meta":[],"categories":[1073],"tags":[],"_links":{"self":[{"href":"https:\/\/www.iconica.com.br\/site\/wp-json\/wp\/v2\/pages\/10761"}],"collection":[{"href":"https:\/\/www.iconica.com.br\/site\/wp-json\/wp\/v2\/pages"}],"about":[{"href":"https:\/\/www.iconica.com.br\/site\/wp-json\/wp\/v2\/types\/page"}],"author":[{"embeddable":true,"href":"https:\/\/www.iconica.com.br\/site\/wp-json\/wp\/v2\/users\/2"}],"replies":[{"embeddable":true,"href":"https:\/\/www.iconica.com.br\/site\/wp-json\/wp\/v2\/comments?post=10761"}],"version-history":[{"count":15,"href":"https:\/\/www.iconica.com.br\/site\/wp-json\/wp\/v2\/pages\/10761\/revisions"}],"predecessor-version":[{"id":10777,"href":"https:\/\/www.iconica.com.br\/site\/wp-json\/wp\/v2\/pages\/10761\/revisions\/10777"}],"up":[{"embeddable":true,"href":"https:\/\/www.iconica.com.br\/site\/wp-json\/wp\/v2\/pages\/9485"}],"wp:featuredmedia":[{"embeddable":true,"href":"https:\/\/www.iconica.com.br\/site\/wp-json\/wp\/v2\/media\/10561"}],"wp:attachment":[{"href":"https:\/\/www.iconica.com.br\/site\/wp-json\/wp\/v2\/media?parent=10761"}],"wp:term":[{"taxonomy":"category","embeddable":true,"href":"https:\/\/www.iconica.com.br\/site\/wp-json\/wp\/v2\/categories?post=10761"},{"taxonomy":"post_tag","embeddable":true,"href":"https:\/\/www.iconica.com.br\/site\/wp-json\/wp\/v2\/tags?post=10761"}],"curies":[{"name":"wp","href":"https:\/\/api.w.org\/{rel}","templated":true}]}}